{"id":10,"date":"2025-02-10T12:14:44","date_gmt":"2025-02-10T12:14:44","guid":{"rendered":"http:\/\/servidor130.no-ip.org\/essenzia\/?page_id=10"},"modified":"2025-05-31T13:06:43","modified_gmt":"2025-05-31T11:06:43","slug":"about","status":"publish","type":"page","link":"https:\/\/www.essenzialimpieza.es\/index.php\/about\/","title":{"rendered":"Historia"},"content":{"rendered":"\n<p class=\"has-medium-font-size\"><strong>La Historia de <font style=\"color: #172454;\">Essenzia<\/font>: Un Legado de Cuidado<\/strong><\/p>\n\n\n<div class=\"wp-block-image\">\n<figure class=\"aligncenter size-large\"><img decoding=\"async\" src=\"https:\/\/www.essenzialimpieza.es\/wp-content\/uploads\/2025\/05\/Foto-4.jpg\" alt=\"Historia\"\/><\/figure>\n<\/div>\n\n\n<p class=\"justificar\">Desde peque\u00f1a, entend\u00ed que limpiar no era solo una tarea, sino una forma de demostrar cuidado. Mi madre, modista de profesi\u00f3n, me ense\u00f1\u00f3 a hacerlo con paciencia y atenci\u00f3n al detalle. Aunque nunca se dedic\u00f3 a limpiar casas, su manera de mantener nuestro hogar impecable era una lecci\u00f3n de esmero y dedicaci\u00f3n. Para ella, no se trataba de hacer las cosas r\u00e1pido, sino de hacerlas bien, con cari\u00f1o y compromiso.<\/p>\n\n\n\n<p class=\"justificar\">Con esa misma filosof\u00eda naci\u00f3 <font class=\"azuloscuro\"><strong>Essenzia<\/strong><\/font>. Quer\u00eda llevar a otros ese mismo nivel de cuidado, asegur\u00e1ndome de que cada espacio recibiera el respeto y la dedicaci\u00f3n que merece. En Essenzia, no trabajamos con prisa; limpiamos con paciencia, con detalle y con el mismo esmero con el que mi madre transformaba cada rinc\u00f3n en un lugar especial, como si fuera nuestro propio hogar.<\/p>\n\n\n\n<p class=\"has-text-align-right azuloscuro has-large-font-size\"><strong><em>M J<\/em><\/strong><\/p>\n\n\n\n<div class=\"wp-block-buttons is-content-justification-center is-layout-flex wp-container-core-buttons-is-layout-16018d1d wp-block-buttons-is-layout-flex\">\n<div class=\"wp-block-button\"><a class=\"wp-block-button__link wp-element-button\" href=\"https:\/\/www.essenzialimpieza.es\/index.php\/servicios\/\">Conoce Nuestros Servicios<\/a><\/div>\n<\/div>\n","protected":false},"excerpt":{"rendered":"<p>La Historia de Essenzia: Un Legado de Cuidado Desde peque\u00f1a, entend\u00ed que limpiar no era solo una tarea, sino una forma de demostrar cuidado. Mi madre, modista de profesi\u00f3n, me ense\u00f1\u00f3 a hacerlo con paciencia y atenci\u00f3n al detalle. Aunque nunca se dedic\u00f3 a limpiar casas, su manera de mantener nuestro hogar impecable era una &hellip; <\/p>\n<p class=\"link-more\"><a href=\"https:\/\/www.essenzialimpieza.es\/index.php\/about\/\" class=\"more-link\">Continuar leyendo<span class=\"screen-reader-text\"> \u00abHistoria\u00bb<\/span><\/a><\/p>\n","protected":false},"author":1,"featured_media":0,"parent":0,"menu_order":0,"comment_status":"closed","ping_status":"closed","template":"","meta":{"footnotes":""},"class_list":["post-10","page","type-page","status-publish","hentry"],"_links":{"self":[{"href":"https:\/\/www.essenzialimpieza.es\/index.php\/wp-json\/wp\/v2\/pages\/10","targetHints":{"allow":["GET"]}}],"collection":[{"href":"https:\/\/www.essenzialimpieza.es\/index.php\/wp-json\/wp\/v2\/pages"}],"about":[{"href":"https:\/\/www.essenzialimpieza.es\/index.php\/wp-json\/wp\/v2\/types\/page"}],"author":[{"embeddable":true,"href":"https:\/\/www.essenzialimpieza.es\/index.php\/wp-json\/wp\/v2\/users\/1"}],"replies":[{"embeddable":true,"href":"https:\/\/www.essenzialimpieza.es\/index.php\/wp-json\/wp\/v2\/comments?post=10"}],"version-history":[{"count":23,"href":"https:\/\/www.essenzialimpieza.es\/index.php\/wp-json\/wp\/v2\/pages\/10\/revisions"}],"predecessor-version":[{"id":591,"href":"https:\/\/www.essenzialimpieza.es\/index.php\/wp-json\/wp\/v2\/pages\/10\/revisions\/591"}],"wp:attachment":[{"href":"https:\/\/www.essenzialimpieza.es\/index.php\/wp-json\/wp\/v2\/media?parent=10"}],"curies":[{"name":"wp","href":"https:\/\/api.w.org\/{rel}","templated":true}]}}