{"id":291,"date":"2025-05-28T13:20:33","date_gmt":"2025-05-28T11:20:33","guid":{"rendered":"http:\/\/servidor130.no-ip.org\/essenzia\/?page_id=291"},"modified":"2025-11-19T21:22:33","modified_gmt":"2025-11-19T20:22:33","slug":"productos-ecologicos","status":"publish","type":"page","link":"https:\/\/www.essenzialimpieza.es\/index.php\/servicios\/productos-ecologicos\/","title":{"rendered":"Productos Ecol\u00f3gicos"},"content":{"rendered":"<div class=\"wp-block-image\">\n<figure class=\"aligncenter size-large\"><img decoding=\"async\" src=\"https:\/\/www.essenzialimpieza.es\/wp-content\/uploads\/2025\/05\/istockphoto-955863588-612x612-1.jpg\" alt=\"Productos Ecol\u00f3gicos\"\/><\/figure>\n<\/div>\n\n\n<p class=\"has-text-align-center has-large-font-size\">Beneficios de los <strong>Productos Ecol\u00f3gicos<\/strong><\/p>\n\n\n\n<p class=\"justificar has-medium-font-size\">En <strong><font class=\"azuloscuro\">Essenzia Limpieza<\/font><\/strong> ofrecemos la opci\u00f3n de utilizar productos ecol\u00f3gicos, libres de qu\u00edmicos agresivos, para una limpieza segura y saludable. Esta alternativa no solo protege el medio ambiente, sino que tambi\u00e9n cuida la calidad del aire en tu hogar u oficina, reduciendo la exposici\u00f3n a sustancias t\u00f3xicas y alergias. Disfruta de un espacio limpio y fresco sin comprometer tu salud ni la de los tuyos.<\/p>\n\n\n\n<p class=\"azuloscuro has-medium-font-size\"><strong>Para la Salud<\/strong><\/p>\n\n\n\n<ul class=\"wp-block-list\">\n<li class=\"has-medium-font-size\">No contienen qu\u00edmicos agresivos<\/li>\n\n\n\n<li class=\"has-medium-font-size\">Ideales para personas con alergias, ni\u00f1os y mascotas<\/li>\n<\/ul>\n\n\n\n<p class=\"azuloscuro has-medium-font-size\"><strong>Para el Medioambiente<\/strong><\/p>\n\n\n\n<ul class=\"wp-block-list\">\n<li class=\"has-medium-font-size\">Son biodegradables<\/li>\n\n\n\n<li class=\"has-medium-font-size\">Reducen la contaminaci\u00f3n del agua<\/li>\n\n\n\n<li class=\"has-medium-font-size\">No da\u00f1an la capa de ozono<\/li>\n<\/ul>\n\n\n\n<p class=\"azuloscuro has-medium-font-size\"><strong>Para el Hogar<\/strong><\/p>\n\n\n\n<ul class=\"wp-block-list\">\n<li class=\"has-medium-font-size\">Limpian eficazmente<\/li>\n\n\n\n<li class=\"has-medium-font-size\">Sin dejar residuos t\u00f3xicos en superficies<\/li>\n<\/ul>\n\n\n\n<div class=\"wp-block-buttons is-content-justification-center is-layout-flex wp-container-core-buttons-is-layout-16018d1d wp-block-buttons-is-layout-flex\">\n<div class=\"wp-block-button\"><a class=\"wp-block-button__link has-text-align-left wp-element-button\" href=\"https:\/\/www.essenzialimpieza.es\/index.php\/contact\/\">Contacta con Nosotros<\/a><\/div>\n<\/div>\n\n\n\n<p><\/p>\n","protected":false},"excerpt":{"rendered":"<p>Beneficios de los Productos Ecol\u00f3gicos En Essenzia Limpieza ofrecemos la opci\u00f3n de utilizar productos ecol\u00f3gicos, libres de qu\u00edmicos agresivos, para una limpieza segura y saludable. Esta alternativa no solo protege el medio ambiente, sino que tambi\u00e9n cuida la calidad del aire en tu hogar u oficina, reduciendo la exposici\u00f3n a sustancias t\u00f3xicas y alergias. Disfruta &hellip; <\/p>\n<p class=\"link-more\"><a href=\"https:\/\/www.essenzialimpieza.es\/index.php\/servicios\/productos-ecologicos\/\" class=\"more-link\">Continuar leyendo<span class=\"screen-reader-text\"> \u00abProductos Ecol\u00f3gicos\u00bb<\/span><\/a><\/p>\n","protected":false},"author":1,"featured_media":0,"parent":57,"menu_order":0,"comment_status":"closed","ping_status":"closed","template":"","meta":{"footnotes":""},"class_list":["post-291","page","type-page","status-publish","hentry"],"_links":{"self":[{"href":"https:\/\/www.essenzialimpieza.es\/index.php\/wp-json\/wp\/v2\/pages\/291","targetHints":{"allow":["GET"]}}],"collection":[{"href":"https:\/\/www.essenzialimpieza.es\/index.php\/wp-json\/wp\/v2\/pages"}],"about":[{"href":"https:\/\/www.essenzialimpieza.es\/index.php\/wp-json\/wp\/v2\/types\/page"}],"author":[{"embeddable":true,"href":"https:\/\/www.essenzialimpieza.es\/index.php\/wp-json\/wp\/v2\/users\/1"}],"replies":[{"embeddable":true,"href":"https:\/\/www.essenzialimpieza.es\/index.php\/wp-json\/wp\/v2\/comments?post=291"}],"version-history":[{"count":15,"href":"https:\/\/www.essenzialimpieza.es\/index.php\/wp-json\/wp\/v2\/pages\/291\/revisions"}],"predecessor-version":[{"id":682,"href":"https:\/\/www.essenzialimpieza.es\/index.php\/wp-json\/wp\/v2\/pages\/291\/revisions\/682"}],"up":[{"embeddable":true,"href":"https:\/\/www.essenzialimpieza.es\/index.php\/wp-json\/wp\/v2\/pages\/57"}],"wp:attachment":[{"href":"https:\/\/www.essenzialimpieza.es\/index.php\/wp-json\/wp\/v2\/media?parent=291"}],"curies":[{"name":"wp","href":"https:\/\/api.w.org\/{rel}","templated":true}]}}