{"id":57,"date":"2025-02-10T17:24:18","date_gmt":"2025-02-10T16:24:18","guid":{"rendered":"http:\/\/servidor130.no-ip.org\/essenzia\/?page_id=57"},"modified":"2025-11-19T21:44:00","modified_gmt":"2025-11-19T20:44:00","slug":"servicios","status":"publish","type":"page","link":"https:\/\/www.essenzialimpieza.es\/index.php\/servicios\/","title":{"rendered":"Servicios"},"content":{"rendered":"\n<p class=\"justificar has-medium-font-size\">En <font class=\"azuloscuro\"><strong>Essenzia<\/strong><\/font>, entendemos que cada espacio tiene necesidades espec\u00edficas, por lo que ofrecemos un servicio de limpieza totalmente adaptable a los requerimientos de cada cliente. Nos ajustamos a horarios, preferencias y prioridades, garantizando un resultado \u00f3ptimo y un entorno limpio, armonioso y renovado.<br>Ya sea una limpieza puntual, mantenimiento regular, post-obra, tras mudanzas o cambios de inquilino, o incluso limpieza energ\u00e9tica, dise\u00f1amos soluciones a medida para asegurar la m\u00e1xima satisfacci\u00f3n y eficiencia en cada servicio. Adem\u00e1s, trabajamos con productos ecol\u00f3gicos, cuidando tu espacio y el medio ambiente.<\/p>\n\n\n\n<div style=\"height:28px\" aria-hidden=\"true\" class=\"wp-block-spacer\"><\/div>\n\n\n\n<div class=\"wp-block-columns is-layout-flex wp-container-core-columns-is-layout-9d6595d7 wp-block-columns-is-layout-flex\">\n<div class=\"wp-block-column is-layout-flow wp-block-column-is-layout-flow\">\n<figure class=\"wp-block-image size-large is-style-rounded\"><img decoding=\"async\" src=\"https:\/\/www.essenzialimpieza.es\/wp-content\/uploads\/2025\/02\/Cocina2b-1024x614.jpg\" alt=\"Limpieza de Hogar\" style=\"aspect-ratio:16\/9;object-fit:cover\"\/><\/figure>\n\n\n\n<h2 class=\"wp-block-heading has-text-align-center essenziaPadding has-black-color has-text-color\" style=\"font-size:45px\">Limpieza de Hogares<\/h2>\n\n\n\n<p class=\"has-text-align-center has-black-color has-text-color has-medium-font-size\" style=\"line-height:1.8\">En <strong><font class=\"azuloscuro\">Essenzia Limpieza <\/font><\/strong>comprendemos que tu hogar es tu refugio<\/p>\n\n\n\n<div class=\"wp-block-buttons is-content-justification-center is-layout-flex wp-container-core-buttons-is-layout-16018d1d wp-block-buttons-is-layout-flex\">\n<div class=\"wp-block-button\"><a class=\"wp-block-button__link wp-element-button\" href=\"https:\/\/www.essenzialimpieza.es\/index.php\/limpieza-de-hogar\/\">M\u00e1s informaci\u00f3n \u2192<\/a><\/div>\n<\/div>\n\n\n\n<hr class=\"wp-block-separator has-alpha-channel-opacity\"\/>\n<\/div>\n\n\n\n<div class=\"wp-block-column is-layout-flow wp-block-column-is-layout-flow\">\n<figure class=\"wp-block-image size-large is-style-rounded\"><img decoding=\"async\" src=\"https:\/\/www.essenzialimpieza.es\/wp-content\/uploads\/2025\/02\/Oficina1-1024x614.jpg\" alt=\"Limpieza de Oficinas\" style=\"aspect-ratio:16\/9;object-fit:cover\"\/><\/figure>\n\n\n\n<h2 class=\"wp-block-heading has-text-align-center essenziaPadding has-black-color has-text-color\" style=\"font-size:45px\">Limpieza de Oficinas<\/h2>\n\n\n\n<p class=\"has-text-align-center has-black-color has-text-color has-medium-font-size\" style=\"line-height:1.8\">Un entorno de trabajo limpio es fundamental para impulsar la productividad y el bienestar<\/p>\n\n\n\n<div class=\"wp-block-buttons is-content-justification-center is-layout-flex wp-container-core-buttons-is-layout-16018d1d wp-block-buttons-is-layout-flex\">\n<div class=\"wp-block-button\"><a class=\"wp-block-button__link wp-element-button\" href=\"https:\/\/www.essenzialimpieza.es\/index.php\/limpieza-de-hogar\/\/index.php\/limpieza-de-oficinas\/\">M\u00e1s informaci\u00f3n \u2192<\/a><\/div>\n<\/div>\n\n\n\n<hr class=\"wp-block-separator has-alpha-channel-opacity\"\/>\n<\/div>\n<\/div>\n\n\n\n<div style=\"height:40px\" aria-hidden=\"true\" class=\"wp-block-spacer\"><\/div>\n\n\n\n<div class=\"wp-block-columns is-layout-flex wp-container-core-columns-is-layout-9d6595d7 wp-block-columns-is-layout-flex\">\n<div class=\"wp-block-column is-layout-flow wp-block-column-is-layout-flow\">\n<figure class=\"wp-block-image size-full size-large is-style-rounded\"><img loading=\"lazy\" decoding=\"async\" width=\"612\" height=\"406\" src=\"https:\/\/www.essenzialimpieza.es\/wp-content\/uploads\/2025\/05\/istockphoto-185248701-612x612-1.jpg\" alt=\"Limpieza de Comunidades\" class=\"wp-image-244\" style=\"aspect-ratio:16\/9;object-fit:cover\" srcset=\"https:\/\/www.essenzialimpieza.es\/wp-content\/uploads\/2025\/05\/istockphoto-185248701-612x612-1.jpg 612w, https:\/\/www.essenzialimpieza.es\/wp-content\/uploads\/2025\/05\/istockphoto-185248701-612x612-1-300x199.jpg 300w\" sizes=\"auto, (max-width: 612px) 100vw, 612px\" \/><\/figure>\n\n\n\n<h2 class=\"wp-block-heading has-text-align-center essenziaPadding has-black-color has-text-color\" style=\"font-size:45px\">Limpieza de Comunidades<\/h2>\n\n\n\n<p class=\"has-text-align-center has-black-color has-text-color has-medium-font-size\" style=\"line-height:1.8\">El cuidado de los espacios compartidos es clave para fortalecer el sentido de comunidad<\/p>\n\n\n\n<div class=\"wp-block-buttons is-content-justification-center is-layout-flex wp-container-core-buttons-is-layout-16018d1d wp-block-buttons-is-layout-flex\">\n<div class=\"wp-block-button\"><a class=\"wp-block-button__link wp-element-button\" href=\"https:\/\/www.essenzialimpieza.es\/index.php\/servicios\/limpieza-de-comunidades\/\">M\u00e1s informaci\u00f3n \u2192<\/a><\/div>\n<\/div>\n\n\n\n<hr class=\"wp-block-separator has-alpha-channel-opacity\"\/>\n<\/div>\n\n\n\n<div class=\"wp-block-column is-layout-flow wp-block-column-is-layout-flow\">\n<figure class=\"wp-block-image size-full size-large is-style-rounded\"><img loading=\"lazy\" decoding=\"async\" width=\"612\" height=\"437\" src=\"https:\/\/www.essenzialimpieza.es\/wp-content\/uploads\/2025\/05\/istockphoto-955863588-612x612-1.jpg\" alt=\"Productos Ecol\u00f3gicos\" class=\"wp-image-250\" style=\"aspect-ratio:16\/9;object-fit:cover\" srcset=\"https:\/\/www.essenzialimpieza.es\/wp-content\/uploads\/2025\/05\/istockphoto-955863588-612x612-1.jpg 612w, https:\/\/www.essenzialimpieza.es\/wp-content\/uploads\/2025\/05\/istockphoto-955863588-612x612-1-300x214.jpg 300w\" sizes=\"auto, (max-width: 612px) 100vw, 612px\" \/><\/figure>\n\n\n\n<h2 class=\"wp-block-heading has-text-align-center essenziaPadding has-black-color has-text-color\" style=\"font-size:45px\">Productos Ecol\u00f3gicos<\/h2>\n\n\n\n<p class=\"has-text-align-center has-black-color has-text-color has-medium-font-size\" style=\"line-height:1.8\">Para quienes se preocupan por la salud de sus seres queridos y el medio ambiente<\/p>\n\n\n\n<div class=\"wp-block-buttons is-content-justification-center is-layout-flex wp-container-core-buttons-is-layout-16018d1d wp-block-buttons-is-layout-flex\">\n<div class=\"wp-block-button\"><a class=\"wp-block-button__link wp-element-button\" href=\"https:\/\/www.essenzialimpieza.es\/index.php\/servicios\/productos-ecologicos\/\">M\u00e1s informaci\u00f3n \u2192<\/a><\/div>\n<\/div>\n\n\n\n<hr class=\"wp-block-separator has-alpha-channel-opacity\"\/>\n<\/div>\n<\/div>\n\n\n\n<div class=\"wp-block-columns is-layout-flex wp-container-core-columns-is-layout-9d6595d7 wp-block-columns-is-layout-flex\">\n<div class=\"wp-block-column is-layout-flow wp-block-column-is-layout-flow\">\n<figure class=\"wp-block-image size-full size-large is-style-rounded\"><img loading=\"lazy\" decoding=\"async\" width=\"612\" height=\"409\" src=\"https:\/\/www.essenzialimpieza.es\/wp-content\/uploads\/2025\/11\/limpieza_postobras.jpg\" alt=\"\" class=\"wp-image-638\" style=\"aspect-ratio:16\/9;object-fit:cover\" srcset=\"https:\/\/www.essenzialimpieza.es\/wp-content\/uploads\/2025\/11\/limpieza_postobras.jpg 612w, https:\/\/www.essenzialimpieza.es\/wp-content\/uploads\/2025\/11\/limpieza_postobras-300x200.jpg 300w\" sizes=\"auto, (max-width: 612px) 100vw, 612px\" \/><\/figure>\n\n\n\n<h2 class=\"wp-block-heading has-text-align-center essenziaPadding has-black-color has-text-color\" style=\"font-size:45px\">Limpieza <br>Post Obra<\/h2>\n\n\n\n<p class=\"has-text-align-center has-black-color has-text-color has-medium-font-size\" style=\"line-height:1.8\">Deja atr\u00e1s el polvo y disfruta tu espacio renovado<\/p>\n\n\n\n<div class=\"wp-block-buttons is-content-justification-center is-layout-flex wp-container-core-buttons-is-layout-16018d1d wp-block-buttons-is-layout-flex\">\n<div class=\"wp-block-button\"><a class=\"wp-block-button__link wp-element-button\" href=\"https:\/\/www.essenzialimpieza.es\/index.php\/servicios\/limpieza-post-obra\">M\u00e1s informaci\u00f3n \u2192<\/a><\/div>\n<\/div>\n\n\n\n<hr class=\"wp-block-separator has-alpha-channel-opacity\"\/>\n<\/div>\n\n\n\n<div class=\"wp-block-column is-layout-flow wp-block-column-is-layout-flow\">\n<figure class=\"wp-block-image size-full size-large is-style-rounded\"><img loading=\"lazy\" decoding=\"async\" width=\"612\" height=\"408\" src=\"https:\/\/www.essenzialimpieza.es\/wp-content\/uploads\/2025\/11\/limpieza_mudanzas.jpg\" alt=\"\" class=\"wp-image-637\" style=\"aspect-ratio:16\/9;object-fit:cover\" srcset=\"https:\/\/www.essenzialimpieza.es\/wp-content\/uploads\/2025\/11\/limpieza_mudanzas.jpg 612w, https:\/\/www.essenzialimpieza.es\/wp-content\/uploads\/2025\/11\/limpieza_mudanzas-300x200.jpg 300w\" sizes=\"auto, (max-width: 612px) 100vw, 612px\" \/><\/figure>\n\n\n\n<h2 class=\"wp-block-heading has-text-align-center essenziaPadding has-black-color has-text-color\" style=\"font-size:45px\">Limpieza <br>tras Mudanza<\/h2>\n\n\n\n<p class=\"has-text-align-center has-black-color has-text-color has-medium-font-size\" style=\"line-height:1.8\">Mudanza o Cambio de Inquilino<br>Nuevo comienzo, espacio limpio<\/p>\n\n\n\n<div class=\"wp-block-buttons is-content-justification-center is-layout-flex wp-container-core-buttons-is-layout-16018d1d wp-block-buttons-is-layout-flex\">\n<div class=\"wp-block-button\"><a class=\"wp-block-button__link wp-element-button\" href=\"https:\/\/www.essenzialimpieza.es\/index.php\/servicios\/limpieza-tras-mudanza\">M\u00e1s informaci\u00f3n \u2192<\/a><\/div>\n<\/div>\n\n\n\n<hr class=\"wp-block-separator has-alpha-channel-opacity\"\/>\n<\/div>\n<\/div>\n\n\n\n<div class=\"wp-block-columns is-layout-flex wp-container-core-columns-is-layout-9d6595d7 wp-block-columns-is-layout-flex\">\n<div class=\"wp-block-column is-layout-flow wp-block-column-is-layout-flow\"><div class=\"wp-block-image size-large is-style-rounded\">\n<figure class=\"aligncenter size-full\"><img loading=\"lazy\" decoding=\"async\" width=\"612\" height=\"408\" src=\"https:\/\/www.essenzialimpieza.es\/wp-content\/uploads\/2025\/11\/servicio_limpieza_energetica.jpg\" alt=\"\" class=\"wp-image-640\" style=\"aspect-ratio:16\/9;object-fit:cover\" srcset=\"https:\/\/www.essenzialimpieza.es\/wp-content\/uploads\/2025\/11\/servicio_limpieza_energetica.jpg 612w, https:\/\/www.essenzialimpieza.es\/wp-content\/uploads\/2025\/11\/servicio_limpieza_energetica-300x200.jpg 300w\" sizes=\"auto, (max-width: 612px) 100vw, 612px\" \/><\/figure>\n<\/div>\n\n\n<h2 class=\"wp-block-heading has-text-align-center essenziaPadding has-black-color has-text-color\" style=\"font-size:45px\">Limpieza Energ\u00e9tica<br>de Espacios<\/h2>\n\n\n\n<p class=\"has-text-align-center has-black-color has-text-color has-medium-font-size\" style=\"line-height:1.8\">Respira, rel\u00e1jate, armoniza. Con esta limpieza energ\u00e9tica, tu hogar, negocio u oficina se transforman: las tensiones se disipan, la atm\u00f3sfera se aligera y se abre camino la calma<\/p>\n\n\n\n<div class=\"wp-block-buttons is-content-justification-center is-layout-flex wp-container-core-buttons-is-layout-16018d1d wp-block-buttons-is-layout-flex\">\n<div class=\"wp-block-button\"><a class=\"wp-block-button__link wp-element-button\" href=\"https:\/\/www.essenzialimpieza.es\/index.php\/servicios\/limpieza-energetica-de-espacios\">M\u00e1s informaci\u00f3n \u2192<\/a><\/div>\n<\/div>\n\n\n\n<hr class=\"wp-block-separator has-alpha-channel-opacity\"\/>\n<\/div>\n<\/div>\n","protected":false},"excerpt":{"rendered":"<p>En Essenzia, entendemos que cada espacio tiene necesidades espec\u00edficas, por lo que ofrecemos un servicio de limpieza totalmente adaptable a los requerimientos de cada cliente. Nos ajustamos a horarios, preferencias y prioridades, garantizando un resultado \u00f3ptimo y un entorno limpio, armonioso y renovado.Ya sea una limpieza puntual, mantenimiento regular, post-obra, tras mudanzas o cambios de &hellip; <\/p>\n<p class=\"link-more\"><a href=\"https:\/\/www.essenzialimpieza.es\/index.php\/servicios\/\" class=\"more-link\">Continuar leyendo<span class=\"screen-reader-text\"> \u00abServicios\u00bb<\/span><\/a><\/p>\n","protected":false},"author":1,"featured_media":0,"parent":0,"menu_order":0,"comment_status":"closed","ping_status":"closed","template":"","meta":{"footnotes":""},"class_list":["post-57","page","type-page","status-publish","hentry"],"_links":{"self":[{"href":"https:\/\/www.essenzialimpieza.es\/index.php\/wp-json\/wp\/v2\/pages\/57","targetHints":{"allow":["GET"]}}],"collection":[{"href":"https:\/\/www.essenzialimpieza.es\/index.php\/wp-json\/wp\/v2\/pages"}],"about":[{"href":"https:\/\/www.essenzialimpieza.es\/index.php\/wp-json\/wp\/v2\/types\/page"}],"author":[{"embeddable":true,"href":"https:\/\/www.essenzialimpieza.es\/index.php\/wp-json\/wp\/v2\/users\/1"}],"replies":[{"embeddable":true,"href":"https:\/\/www.essenzialimpieza.es\/index.php\/wp-json\/wp\/v2\/comments?post=57"}],"version-history":[{"count":81,"href":"https:\/\/www.essenzialimpieza.es\/index.php\/wp-json\/wp\/v2\/pages\/57\/revisions"}],"predecessor-version":[{"id":698,"href":"https:\/\/www.essenzialimpieza.es\/index.php\/wp-json\/wp\/v2\/pages\/57\/revisions\/698"}],"wp:attachment":[{"href":"https:\/\/www.essenzialimpieza.es\/index.php\/wp-json\/wp\/v2\/media?parent=57"}],"curies":[{"name":"wp","href":"https:\/\/api.w.org\/{rel}","templated":true}]}}