{"id":667,"date":"2025-11-19T21:13:16","date_gmt":"2025-11-19T20:13:16","guid":{"rendered":"https:\/\/www.essenzialimpieza.es\/?page_id=667"},"modified":"2025-11-19T21:24:21","modified_gmt":"2025-11-19T20:24:21","slug":"limpieza-post-obra","status":"publish","type":"page","link":"https:\/\/www.essenzialimpieza.es\/index.php\/servicios\/limpieza-post-obra\/","title":{"rendered":"Limpieza Post Obra"},"content":{"rendered":"<div class=\"wp-block-image\">\n<figure class=\"aligncenter size-full\"><img loading=\"lazy\" decoding=\"async\" width=\"612\" height=\"409\" src=\"https:\/\/www.essenzialimpieza.es\/wp-content\/uploads\/2025\/11\/limpieza_postobras.jpg\" alt=\"\" class=\"wp-image-638\" srcset=\"https:\/\/www.essenzialimpieza.es\/wp-content\/uploads\/2025\/11\/limpieza_postobras.jpg 612w, https:\/\/www.essenzialimpieza.es\/wp-content\/uploads\/2025\/11\/limpieza_postobras-300x200.jpg 300w\" sizes=\"auto, (max-width: 612px) 100vw, 612px\" \/><\/figure>\n<\/div>\n\n\n<p class=\"has-text-align-center has-large-font-size\">Limpieza Post Obra<\/p>\n\n\n\n<p class=\"justificar has-medium-font-size\"><br>Tras una reforma o construcci\u00f3n, es normal que todo quede cubierto de polvo, restos de materiales y suciedad dif\u00edcil de eliminar. En <strong>Essenzia Limpieza<\/strong> nos encargamos de dejar tu vivienda, oficina o local impecable, lista para ser habitada o presentada. Utilizamos productos y maquinaria profesional para eliminar todo rastro de obra de manera r\u00e1pida y eficaz. T\u00fa solo preoc\u00fapate de disfrutar el resultado final.<\/p>\n\n\n\n<div class=\"wp-block-buttons is-content-justification-center is-layout-flex wp-container-core-buttons-is-layout-16018d1d wp-block-buttons-is-layout-flex\">\n<div class=\"wp-block-button\"><a class=\"wp-block-button__link wp-element-button\" href=\"https:\/\/www.essenzialimpieza.es\/index.php\/contact\/\">Contacta con Nosotros<\/a><\/div>\n<\/div>\n","protected":false},"excerpt":{"rendered":"<p>Limpieza Post Obra Tras una reforma o construcci\u00f3n, es normal que todo quede cubierto de polvo, restos de materiales y suciedad dif\u00edcil de eliminar. En Essenzia Limpieza nos encargamos de dejar tu vivienda, oficina o local impecable, lista para ser habitada o presentada. Utilizamos productos y maquinaria profesional para eliminar todo rastro de obra de &hellip; <\/p>\n<p class=\"link-more\"><a href=\"https:\/\/www.essenzialimpieza.es\/index.php\/servicios\/limpieza-post-obra\/\" class=\"more-link\">Continuar leyendo<span class=\"screen-reader-text\"> \u00abLimpieza Post Obra\u00bb<\/span><\/a><\/p>\n","protected":false},"author":1,"featured_media":0,"parent":57,"menu_order":0,"comment_status":"closed","ping_status":"closed","template":"","meta":{"footnotes":""},"class_list":["post-667","page","type-page","status-publish","hentry"],"_links":{"self":[{"href":"https:\/\/www.essenzialimpieza.es\/index.php\/wp-json\/wp\/v2\/pages\/667","targetHints":{"allow":["GET"]}}],"collection":[{"href":"https:\/\/www.essenzialimpieza.es\/index.php\/wp-json\/wp\/v2\/pages"}],"about":[{"href":"https:\/\/www.essenzialimpieza.es\/index.php\/wp-json\/wp\/v2\/types\/page"}],"author":[{"embeddable":true,"href":"https:\/\/www.essenzialimpieza.es\/index.php\/wp-json\/wp\/v2\/users\/1"}],"replies":[{"embeddable":true,"href":"https:\/\/www.essenzialimpieza.es\/index.php\/wp-json\/wp\/v2\/comments?post=667"}],"version-history":[{"count":8,"href":"https:\/\/www.essenzialimpieza.es\/index.php\/wp-json\/wp\/v2\/pages\/667\/revisions"}],"predecessor-version":[{"id":683,"href":"https:\/\/www.essenzialimpieza.es\/index.php\/wp-json\/wp\/v2\/pages\/667\/revisions\/683"}],"up":[{"embeddable":true,"href":"https:\/\/www.essenzialimpieza.es\/index.php\/wp-json\/wp\/v2\/pages\/57"}],"wp:attachment":[{"href":"https:\/\/www.essenzialimpieza.es\/index.php\/wp-json\/wp\/v2\/media?parent=667"}],"curies":[{"name":"wp","href":"https:\/\/api.w.org\/{rel}","templated":true}]}}