{"id":676,"date":"2025-11-19T21:17:05","date_gmt":"2025-11-19T20:17:05","guid":{"rendered":"https:\/\/www.essenzialimpieza.es\/?page_id=676"},"modified":"2026-01-12T18:41:30","modified_gmt":"2026-01-12T17:41:30","slug":"limpieza-tras-mudanza-o-cambio-de-inquilino","status":"publish","type":"page","link":"https:\/\/www.essenzialimpieza.es\/index.php\/servicios\/limpieza-tras-mudanza-o-cambio-de-inquilino\/","title":{"rendered":"Limpieza tras Mudanza o Cambio de Inquilino"},"content":{"rendered":"<div class=\"wp-block-image\">\n<figure class=\"aligncenter size-full\"><img loading=\"lazy\" decoding=\"async\" width=\"612\" height=\"408\" src=\"https:\/\/www.essenzialimpieza.es\/wp-content\/uploads\/2025\/11\/limpieza_mudanzas.jpg\" alt=\"\" class=\"wp-image-637\" srcset=\"https:\/\/www.essenzialimpieza.es\/wp-content\/uploads\/2025\/11\/limpieza_mudanzas.jpg 612w, https:\/\/www.essenzialimpieza.es\/wp-content\/uploads\/2025\/11\/limpieza_mudanzas-300x200.jpg 300w\" sizes=\"auto, (max-width: 612px) 100vw, 612px\" \/><\/figure>\n<\/div>\n\n\n<p class=\"has-text-align-center has-large-font-size\">Limpieza tras Mudanza<br>Cambio de Inquilino<\/p>\n\n\n\n<p class=\"justificar has-black-color has-text-color has-link-color has-medium-font-size wp-elements-de7b4e94d399059e5435123140ebc063\"><br>Cuando te mudas o llega un nuevo inquilino, lo ideal es empezar en un entorno limpio y cuidado. Nuestro servicio de limpieza tras mudanza se adapta a tus necesidades: desinfecci\u00f3n, limpieza profunda de ba\u00f1os y cocina, interiores de armarios, cristales y m\u00e1s. En <font style=\"color:#172454;text-align:justify!important;\"><strong>Essenzia Limpieza<\/strong><\/font> garantizamos que todo quede como nuevo para que el cambio se viva con tranquilidad y buena energ\u00eda.<\/p>\n\n\n\n<div class=\"wp-block-buttons is-content-justification-center is-layout-flex wp-container-core-buttons-is-layout-16018d1d wp-block-buttons-is-layout-flex\">\n<div class=\"wp-block-button\"><a class=\"wp-block-button__link wp-element-button\" href=\"https:\/\/www.essenzialimpieza.es\/index.php\/contact\/\">Contacta con Nosotros<\/a><\/div>\n<\/div>\n\n\n\n<p><\/p>\n","protected":false},"excerpt":{"rendered":"<p>Limpieza tras MudanzaCambio de Inquilino Cuando te mudas o llega un nuevo inquilino, lo ideal es empezar en un entorno limpio y cuidado. Nuestro servicio de limpieza tras mudanza se adapta a tus necesidades: desinfecci\u00f3n, limpieza profunda de ba\u00f1os y cocina, interiores de armarios, cristales y m\u00e1s. En Essenzia Limpieza garantizamos que todo quede como &hellip; <\/p>\n<p class=\"link-more\"><a href=\"https:\/\/www.essenzialimpieza.es\/index.php\/servicios\/limpieza-tras-mudanza-o-cambio-de-inquilino\/\" class=\"more-link\">Continuar leyendo<span class=\"screen-reader-text\"> \u00abLimpieza tras Mudanza o Cambio de Inquilino\u00bb<\/span><\/a><\/p>\n","protected":false},"author":1,"featured_media":0,"parent":57,"menu_order":0,"comment_status":"closed","ping_status":"closed","template":"","meta":{"footnotes":""},"class_list":["post-676","page","type-page","status-publish","hentry"],"_links":{"self":[{"href":"https:\/\/www.essenzialimpieza.es\/index.php\/wp-json\/wp\/v2\/pages\/676","targetHints":{"allow":["GET"]}}],"collection":[{"href":"https:\/\/www.essenzialimpieza.es\/index.php\/wp-json\/wp\/v2\/pages"}],"about":[{"href":"https:\/\/www.essenzialimpieza.es\/index.php\/wp-json\/wp\/v2\/types\/page"}],"author":[{"embeddable":true,"href":"https:\/\/www.essenzialimpieza.es\/index.php\/wp-json\/wp\/v2\/users\/1"}],"replies":[{"embeddable":true,"href":"https:\/\/www.essenzialimpieza.es\/index.php\/wp-json\/wp\/v2\/comments?post=676"}],"version-history":[{"count":7,"href":"https:\/\/www.essenzialimpieza.es\/index.php\/wp-json\/wp\/v2\/pages\/676\/revisions"}],"predecessor-version":[{"id":744,"href":"https:\/\/www.essenzialimpieza.es\/index.php\/wp-json\/wp\/v2\/pages\/676\/revisions\/744"}],"up":[{"embeddable":true,"href":"https:\/\/www.essenzialimpieza.es\/index.php\/wp-json\/wp\/v2\/pages\/57"}],"wp:attachment":[{"href":"https:\/\/www.essenzialimpieza.es\/index.php\/wp-json\/wp\/v2\/media?parent=676"}],"curies":[{"name":"wp","href":"https:\/\/api.w.org\/{rel}","templated":true}]}}