{"id":9,"date":"2025-02-10T12:14:44","date_gmt":"2025-02-10T12:14:44","guid":{"rendered":"http:\/\/servidor130.no-ip.org\/essenzia\/?page_id=9"},"modified":"2026-01-12T18:37:44","modified_gmt":"2026-01-12T17:37:44","slug":"home","status":"publish","type":"page","link":"https:\/\/www.essenzialimpieza.es\/","title":{"rendered":"Bienvenid@"},"content":{"rendered":"\n<p class=\"has-text-align-left justificar has-black-color has-text-color has-link-color wp-elements-9588c4fa62ccbd2b1c6ab7d11f7acd99\">En <font style=\"color:#172454;text-align:justify!important;\"><strong>Essenzia Limpieza<\/strong><\/font> cuidamos tus espacios con servicios profesionales para hogares, oficinas y comunidades.<\/p>\n\n\n\n<p class=\"has-text-align-left justificar has-black-color has-text-color has-link-color wp-elements-42d8c8f8abc9e3557023cff39d7fba76\">Transformamos cada lugar en un entorno limpio, ordenado y armonioso, combinando t\u00e9cnicas de alta calidad con una mirada consciente al bienestar del espacio. Adem\u00e1s de la limpieza tradicional, incorporamos la limpieza energ\u00e9tica de ambientes como un valor a\u00f1adido para quienes buscan algo m\u00e1s que limpieza.<\/p>\n\n\n\n<p class=\"justificar has-black-color has-text-color has-link-color wp-elements-310d24f09e3e6a3b1a23b00dcf6ab2ff\">Trabajamos con m\u00e9todos responsables y, de forma opcional, con productos ecol\u00f3gicos respetuosos con las personas y el entorno.<\/p>\n\n\n\n<div class=\"wp-block-buttons is-content-justification-center is-layout-flex wp-container-core-buttons-is-layout-51f7783f wp-block-buttons-is-layout-flex\">\n<div class=\"wp-block-button\"><a class=\"wp-block-button__link wp-element-button\" href=\"https:\/\/www.essenzialimpieza.es\/index.php\/servicios\/\">Conoce Nuestros Servicios<\/a><\/div>\n<\/div>\n\n\n\n<div style=\"height:20px\" aria-hidden=\"true\" class=\"wp-block-spacer\"><\/div>\n\n\n\n<p><\/p>\n","protected":false},"excerpt":{"rendered":"<p>En Essenzia Limpieza cuidamos tus espacios con servicios profesionales para hogares, oficinas y comunidades. Transformamos cada lugar en un entorno limpio, ordenado y armonioso, combinando t\u00e9cnicas de alta calidad con una mirada consciente al bienestar del espacio. Adem\u00e1s de la limpieza tradicional, incorporamos la limpieza energ\u00e9tica de ambientes como un valor a\u00f1adido para quienes buscan &hellip; <\/p>\n<p class=\"link-more\"><a href=\"https:\/\/www.essenzialimpieza.es\/\" class=\"more-link\">Continuar leyendo<span class=\"screen-reader-text\"> \u00abBienvenid@\u00bb<\/span><\/a><\/p>\n","protected":false},"author":1,"featured_media":0,"parent":0,"menu_order":0,"comment_status":"closed","ping_status":"closed","template":"","meta":{"footnotes":""},"class_list":["post-9","page","type-page","status-publish","hentry"],"_links":{"self":[{"href":"https:\/\/www.essenzialimpieza.es\/index.php\/wp-json\/wp\/v2\/pages\/9","targetHints":{"allow":["GET"]}}],"collection":[{"href":"https:\/\/www.essenzialimpieza.es\/index.php\/wp-json\/wp\/v2\/pages"}],"about":[{"href":"https:\/\/www.essenzialimpieza.es\/index.php\/wp-json\/wp\/v2\/types\/page"}],"author":[{"embeddable":true,"href":"https:\/\/www.essenzialimpieza.es\/index.php\/wp-json\/wp\/v2\/users\/1"}],"replies":[{"embeddable":true,"href":"https:\/\/www.essenzialimpieza.es\/index.php\/wp-json\/wp\/v2\/comments?post=9"}],"version-history":[{"count":28,"href":"https:\/\/www.essenzialimpieza.es\/index.php\/wp-json\/wp\/v2\/pages\/9\/revisions"}],"predecessor-version":[{"id":743,"href":"https:\/\/www.essenzialimpieza.es\/index.php\/wp-json\/wp\/v2\/pages\/9\/revisions\/743"}],"wp:attachment":[{"href":"https:\/\/www.essenzialimpieza.es\/index.php\/wp-json\/wp\/v2\/media?parent=9"}],"curies":[{"name":"wp","href":"https:\/\/api.w.org\/{rel}","templated":true}]}}